{"id":1671,"date":"2020-03-21T19:50:08","date_gmt":"2020-03-21T18:50:08","guid":{"rendered":"https:\/\/the7.io\/elementor-minimal-creative-light\/?page_id=1671"},"modified":"2020-12-01T08:53:57","modified_gmt":"2020-12-01T07:53:57","slug":"my-fibers","status":"publish","type":"page","link":"https:\/\/www.myfibers.it\/ita\/","title":{"rendered":"CHI SIAMO"},"content":{"rendered":"\t\t<div data-elementor-type=\"wp-page\" data-elementor-id=\"1671\" class=\"elementor elementor-1671\" data-elementor-post-type=\"page\">\n\t\t\t\t\t\t<section class=\"elementor-section elementor-top-section elementor-element elementor-element-c52432e elementor-section-boxed elementor-section-height-default elementor-section-height-default\" data-id=\"c52432e\" data-element_type=\"section\">\n\t\t\t\t\t\t<div class=\"elementor-container elementor-column-gap-default\">\n\t\t\t\t\t<div class=\"elementor-column elementor-col-50 elementor-top-column elementor-element elementor-element-8a3a3c3\" data-id=\"8a3a3c3\" data-element_type=\"column\">\n\t\t\t<div class=\"elementor-widget-wrap\">\n\t\t\t\t\t\t\t<\/div>\n\t\t<\/div>\n\t\t\t\t<div class=\"elementor-column elementor-col-50 elementor-top-column elementor-element elementor-element-03c27b9\" data-id=\"03c27b9\" data-element_type=\"column\">\n\t\t\t<div class=\"elementor-widget-wrap elementor-element-populated\">\n\t\t\t\t\t\t<div class=\"elementor-element elementor-element-c4a56ae animated-slow elementor-invisible elementor-widget elementor-widget-heading\" data-id=\"c4a56ae\" data-element_type=\"widget\" data-settings=\"{&quot;_animation&quot;:&quot;fadeIn&quot;}\" data-widget_type=\"heading.default\">\n\t\t\t\t<div class=\"elementor-widget-container\">\n\t\t\t\t\t<h3 class=\"elementor-heading-title elementor-size-default\">innovation &amp; green technologies<\/h3>\t\t\t\t<\/div>\n\t\t\t\t<\/div>\n\t\t\t\t\t<\/div>\n\t\t<\/div>\n\t\t\t\t\t<\/div>\n\t\t<\/section>\n\t\t\t\t<section class=\"elementor-section elementor-top-section elementor-element elementor-element-27a401b6 elementor-section-boxed elementor-section-height-default elementor-section-height-default\" data-id=\"27a401b6\" data-element_type=\"section\" data-settings=\"{&quot;background_background&quot;:&quot;classic&quot;}\">\n\t\t\t\t\t\t<div class=\"elementor-container elementor-column-gap-wider\">\n\t\t\t\t\t<div class=\"elementor-column elementor-col-50 elementor-top-column elementor-element elementor-element-47348303\" data-id=\"47348303\" data-element_type=\"column\">\n\t\t\t<div class=\"elementor-widget-wrap elementor-element-populated\">\n\t\t\t\t\t\t<div class=\"elementor-element elementor-element-24f92943 elementor-widget elementor-widget-heading\" data-id=\"24f92943\" data-element_type=\"widget\" data-widget_type=\"heading.default\">\n\t\t\t\t<div class=\"elementor-widget-container\">\n\t\t\t\t\t<h1 class=\"elementor-heading-title elementor-size-default\">L'INNOVAZIONE\nNELL'ERA\nDEL DIGITALE E\nDEL SOSTENIBILE<\/h1>\t\t\t\t<\/div>\n\t\t\t\t<\/div>\n\t\t\t\t\t<\/div>\n\t\t<\/div>\n\t\t\t\t<div class=\"elementor-column elementor-col-50 elementor-top-column elementor-element elementor-element-2663e1f\" data-id=\"2663e1f\" data-element_type=\"column\">\n\t\t\t<div class=\"elementor-widget-wrap\">\n\t\t\t\t\t\t\t<\/div>\n\t\t<\/div>\n\t\t\t\t\t<\/div>\n\t\t<\/section>\n\t\t\t\t<section class=\"elementor-section elementor-top-section elementor-element elementor-element-ebb1aa6 elementor-section-boxed elementor-section-height-default elementor-section-height-default\" data-id=\"ebb1aa6\" data-element_type=\"section\">\n\t\t\t\t\t\t<div class=\"elementor-container elementor-column-gap-default\">\n\t\t\t\t\t<div class=\"elementor-column elementor-col-50 elementor-top-column elementor-element elementor-element-736e42e\" data-id=\"736e42e\" data-element_type=\"column\" data-settings=\"{&quot;background_background&quot;:&quot;classic&quot;,&quot;background_motion_fx_motion_fx_scrolling&quot;:&quot;yes&quot;,&quot;background_motion_fx_opacity_effect&quot;:&quot;yes&quot;,&quot;background_motion_fx_opacity_direction&quot;:&quot;out-in&quot;,&quot;background_motion_fx_opacity_level&quot;:{&quot;unit&quot;:&quot;px&quot;,&quot;size&quot;:10,&quot;sizes&quot;:[]},&quot;background_motion_fx_opacity_range&quot;:{&quot;unit&quot;:&quot;%&quot;,&quot;size&quot;:&quot;&quot;,&quot;sizes&quot;:{&quot;start&quot;:20,&quot;end&quot;:80}},&quot;background_motion_fx_devices&quot;:[&quot;desktop&quot;,&quot;tablet&quot;,&quot;mobile&quot;]}\">\n\t\t\t<div class=\"elementor-widget-wrap elementor-element-populated\">\n\t\t\t\t\t\t<div class=\"elementor-element elementor-element-c114635 elementor-headline--style-rotate elementor-widget elementor-widget-animated-headline\" data-id=\"c114635\" data-element_type=\"widget\" data-settings=\"{&quot;headline_style&quot;:&quot;rotate&quot;,&quot;animation_type&quot;:&quot;wave&quot;,&quot;rotating_text&quot;:&quot;My.Fibers&quot;,&quot;loop&quot;:&quot;yes&quot;,&quot;rotate_iteration_delay&quot;:2500}\" data-widget_type=\"animated-headline.default\">\n\t\t\t\t<div class=\"elementor-widget-container\">\n\t\t\t\t\t\t\t<h3 class=\"elementor-headline elementor-headline-animation-type-wave elementor-headline-letters\">\n\t\t\t\t<span class=\"elementor-headline-dynamic-wrapper elementor-headline-text-wrapper\">\n\t\t\t\t\t<span class=\"elementor-headline-dynamic-text elementor-headline-text-active\">\n\t\t\t\tMy.Fibers\t\t\t<\/span>\n\t\t\t\t\t\t<\/span>\n\t\t\t\t<\/h3>\n\t\t\t\t\t\t<\/div>\n\t\t\t\t<\/div>\n\t\t\t\t<div class=\"elementor-element elementor-element-c03509b elementor-widget elementor-widget-text-editor\" data-id=\"c03509b\" data-element_type=\"widget\" data-widget_type=\"text-editor.default\">\n\t\t\t\t<div class=\"elementor-widget-container\">\n\t\t\t\t\t\t\t\t\t<p>\u00e8 una Start Up che si occupa di ricerca e sviluppo di materiali innovativi, altamente performanti in termini di prestazioni fisico-meccaniche e, al contempo, completamente naturali e rigenerabili.<\/p><p>\u00a0<\/p>\t\t\t\t\t\t\t\t<\/div>\n\t\t\t\t<\/div>\n\t\t\t\t<div class=\"elementor-element elementor-element-3cd02bf elementor-widget elementor-widget-video\" data-id=\"3cd02bf\" data-element_type=\"widget\" data-settings=\"{&quot;video_type&quot;:&quot;hosted&quot;,&quot;controls&quot;:&quot;yes&quot;}\" data-widget_type=\"video.default\">\n\t\t\t\t<div class=\"elementor-widget-container\">\n\t\t\t\t\t\t\t<div class=\"e-hosted-video elementor-wrapper elementor-open-inline\">\n\t\t\t\t\t<video class=\"elementor-video\" src=\"https:\/\/www.myfibers.it\/ita\/wp-content\/uploads\/2020\/12\/MyFibers-Video-Pitch-720i.m4v\" controls=\"\" preload=\"metadata\" controlsList=\"nodownload\" poster=\"https:\/\/www.myfibers.it\/ita\/wp-content\/uploads\/2020\/10\/iStock-683962670.jpg\"><\/video>\n\t\t\t\t<\/div>\n\t\t\t\t\t\t<\/div>\n\t\t\t\t<\/div>\n\t\t\t\t\t<\/div>\n\t\t<\/div>\n\t\t\t\t<div class=\"elementor-column elementor-col-50 elementor-top-column elementor-element elementor-element-ccfff19\" data-id=\"ccfff19\" data-element_type=\"column\">\n\t\t\t<div class=\"elementor-widget-wrap elementor-element-populated\">\n\t\t\t\t\t\t\t<\/div>\n\t\t<\/div>\n\t\t\t\t\t<\/div>\n\t\t<\/section>\n\t\t\t\t<section class=\"elementor-section elementor-top-section elementor-element elementor-element-6392849 elementor-section-boxed elementor-section-height-default elementor-section-height-default\" data-id=\"6392849\" data-element_type=\"section\">\n\t\t\t\t\t\t<div class=\"elementor-container elementor-column-gap-wider\">\n\t\t\t\t\t<div class=\"elementor-column elementor-col-100 elementor-top-column elementor-element elementor-element-5dddca6\" data-id=\"5dddca6\" data-element_type=\"column\">\n\t\t\t<div class=\"elementor-widget-wrap elementor-element-populated\">\n\t\t\t\t\t\t<div class=\"elementor-element elementor-element-ae6b37b elementor-widget elementor-widget-text-editor\" data-id=\"ae6b37b\" data-element_type=\"widget\" data-widget_type=\"text-editor.default\">\n\t\t\t\t<div class=\"elementor-widget-container\">\n\t\t\t\t\t\t\t\t\t<p>La societ\u00e0 si affaccia sul mercato per soddisfare le esigenze pi\u00f9 urgenti del mondo odierno e dello sviluppo economico futuro: scarsit\u00e0 di materie prime, inquinamento globale, eco-sostenibilit\u00e0 e salute.<\/p><p>Spinta dalla visione di un mondo futuro innovativo ma ecocompatibile, My.Fibers ha individuato le potenzialit\u00e0 tecnologiche di semplici risorse di origine naturale, alquanto economiche e facilmente reperibili (come colture di rinnovo, scarti vegetali, ecc.). Ha dunque sviluppato processi produttivi, essi stessi a basso impatto ambientale, che trasformano tali risorse in alternative concrete e competitive rispetto ad altri innumerevoli prodotti inquinanti, ovvero in materiali NATURALI al 100%, ecologici, biodegradabili e rinnovabili.<\/p><p>Tra le diverse risorse di origine naturale su cui si sta studiando, le maggiori ricerche di My.Fibers si sono concentrate in particolare sulle potenzialit\u00e0 della canapa sativa, i cui campi di utilizzo, grazie appunto alle scoperte di My.Fibers, possono andare ben oltre i campi pi\u00f9 noti dei tessuti, delle corde di navi, o della carta conosciuti sin dai tempi antichi. Oggi si aprono prospettive ben pi\u00f9 interessanti e attuali parlando di bio-compositi, bio-edilizia, materiali compositi ultraleggeri, come ad esempio pannelli termici fonoassorbenti che sfruttano le naturali propriet\u00e0 isolanti e al contempo traspiranti della resistentissima fibra di canapa e canapulo.<\/p>\t\t\t\t\t\t\t\t<\/div>\n\t\t\t\t<\/div>\n\t\t\t\t\t<\/div>\n\t\t<\/div>\n\t\t\t\t\t<\/div>\n\t\t<\/section>\n\t\t\t\t<section class=\"elementor-section elementor-top-section elementor-element elementor-element-fc4f7a1 elementor-section-boxed elementor-section-height-default elementor-section-height-default\" data-id=\"fc4f7a1\" data-element_type=\"section\">\n\t\t\t\t\t\t<div class=\"elementor-container elementor-column-gap-default\">\n\t\t\t\t\t<div class=\"elementor-column elementor-col-100 elementor-top-column elementor-element elementor-element-3e05091\" data-id=\"3e05091\" data-element_type=\"column\">\n\t\t\t<div class=\"elementor-widget-wrap elementor-element-populated\">\n\t\t\t\t\t\t<div class=\"elementor-element elementor-element-b052b6f elementor-widget elementor-widget-spacer\" data-id=\"b052b6f\" data-element_type=\"widget\" data-widget_type=\"spacer.default\">\n\t\t\t\t<div class=\"elementor-widget-container\">\n\t\t\t\t\t\t\t<div class=\"elementor-spacer\">\n\t\t\t<div class=\"elementor-spacer-inner\"><\/div>\n\t\t<\/div>\n\t\t\t\t\t\t<\/div>\n\t\t\t\t<\/div>\n\t\t\t\t\t<\/div>\n\t\t<\/div>\n\t\t\t\t\t<\/div>\n\t\t<\/section>\n\t\t\t\t<section class=\"elementor-section elementor-top-section elementor-element elementor-element-73b8453b elementor-section-full_width elementor-section-height-min-height elementor-reverse-mobile elementor-section-height-default elementor-section-items-middle\" data-id=\"73b8453b\" data-element_type=\"section\" data-settings=\"{&quot;background_background&quot;:&quot;classic&quot;}\">\n\t\t\t\t\t\t<div class=\"elementor-container elementor-column-gap-no\">\n\t\t\t\t\t<div class=\"elementor-column elementor-col-50 elementor-top-column elementor-element elementor-element-2f5549fc\" data-id=\"2f5549fc\" data-element_type=\"column\">\n\t\t\t<div class=\"elementor-widget-wrap elementor-element-populated\">\n\t\t\t\t\t\t<section class=\"elementor-section elementor-inner-section elementor-element elementor-element-78210f9a elementor-section-boxed elementor-section-height-default elementor-section-height-default\" data-id=\"78210f9a\" data-element_type=\"section\" data-settings=\"{&quot;background_background&quot;:&quot;classic&quot;}\">\n\t\t\t\t\t\t<div class=\"elementor-container elementor-column-gap-no\">\n\t\t\t\t\t<div class=\"elementor-column elementor-col-100 elementor-inner-column elementor-element elementor-element-4ace4876\" data-id=\"4ace4876\" data-element_type=\"column\" data-settings=\"{&quot;background_background&quot;:&quot;classic&quot;}\">\n\t\t\t<div class=\"elementor-widget-wrap elementor-element-populated\">\n\t\t\t\t\t\t<div class=\"elementor-element elementor-element-510bcb6c elementor-widget elementor-widget-heading\" data-id=\"510bcb6c\" data-element_type=\"widget\" data-widget_type=\"heading.default\">\n\t\t\t\t<div class=\"elementor-widget-container\">\n\t\t\t\t\t<h3 class=\"elementor-heading-title elementor-size-default\">IL GRUPPO DI LAVORO<\/h3>\t\t\t\t<\/div>\n\t\t\t\t<\/div>\n\t\t\t\t<div class=\"elementor-element elementor-element-7b14845 elementor-widget elementor-widget-text-editor\" data-id=\"7b14845\" data-element_type=\"widget\" data-widget_type=\"text-editor.default\">\n\t\t\t\t<div class=\"elementor-widget-container\">\n\t\t\t\t\t\t\t\t\t<p>My.Fibers nasce come \u201cStartUp Innovativa\u201d ad Agosto 2020, dalla condivisione di esperienze, in verit\u00e0 gi\u00e0 maturate sul campo, da un pool di professionisti, tecnici e imprenditori che da anni investono sulla ricerca di risorse alternative, e in particolare sulla canapa.<\/p>\t\t\t\t\t\t\t\t<\/div>\n\t\t\t\t<\/div>\n\t\t\t\t\t<\/div>\n\t\t<\/div>\n\t\t\t\t\t<\/div>\n\t\t<\/section>\n\t\t\t\t\t<\/div>\n\t\t<\/div>\n\t\t\t\t<div class=\"elementor-column elementor-col-50 elementor-top-column elementor-element elementor-element-e955396\" data-id=\"e955396\" data-element_type=\"column\" data-settings=\"{&quot;background_background&quot;:&quot;classic&quot;,&quot;background_motion_fx_motion_fx_scrolling&quot;:&quot;yes&quot;,&quot;background_motion_fx_translateY_effect&quot;:&quot;yes&quot;,&quot;background_motion_fx_translateY_speed&quot;:{&quot;unit&quot;:&quot;px&quot;,&quot;size&quot;:5,&quot;sizes&quot;:[]},&quot;background_motion_fx_translateY_affectedRange&quot;:{&quot;unit&quot;:&quot;%&quot;,&quot;size&quot;:&quot;&quot;,&quot;sizes&quot;:{&quot;start&quot;:0,&quot;end&quot;:100}},&quot;background_motion_fx_devices&quot;:[&quot;desktop&quot;,&quot;tablet&quot;,&quot;mobile&quot;]}\">\n\t\t\t<div class=\"elementor-widget-wrap elementor-element-populated\">\n\t\t\t\t\t\t<div class=\"elementor-element elementor-element-61a815e5 elementor-widget elementor-widget-spacer\" data-id=\"61a815e5\" data-element_type=\"widget\" data-widget_type=\"spacer.default\">\n\t\t\t\t<div class=\"elementor-widget-container\">\n\t\t\t\t\t\t\t<div class=\"elementor-spacer\">\n\t\t\t<div class=\"elementor-spacer-inner\"><\/div>\n\t\t<\/div>\n\t\t\t\t\t\t<\/div>\n\t\t\t\t<\/div>\n\t\t\t\t\t<\/div>\n\t\t<\/div>\n\t\t\t\t\t<\/div>\n\t\t<\/section>\n\t\t\t\t<section class=\"elementor-section elementor-top-section elementor-element elementor-element-bbd78f1 elementor-section-boxed elementor-section-height-default elementor-section-height-default\" data-id=\"bbd78f1\" data-element_type=\"section\">\n\t\t\t\t\t\t<div class=\"elementor-container elementor-column-gap-default\">\n\t\t\t\t\t<div class=\"elementor-column elementor-col-100 elementor-top-column elementor-element elementor-element-726c011\" data-id=\"726c011\" data-element_type=\"column\">\n\t\t\t<div class=\"elementor-widget-wrap elementor-element-populated\">\n\t\t\t\t\t\t<div class=\"elementor-element elementor-element-413e10e elementor-widget elementor-widget-spacer\" data-id=\"413e10e\" data-element_type=\"widget\" data-widget_type=\"spacer.default\">\n\t\t\t\t<div class=\"elementor-widget-container\">\n\t\t\t\t\t\t\t<div class=\"elementor-spacer\">\n\t\t\t<div class=\"elementor-spacer-inner\"><\/div>\n\t\t<\/div>\n\t\t\t\t\t\t<\/div>\n\t\t\t\t<\/div>\n\t\t\t\t\t<\/div>\n\t\t<\/div>\n\t\t\t\t\t<\/div>\n\t\t<\/section>\n\t\t\t\t<section class=\"elementor-section elementor-top-section elementor-element elementor-element-3d9a66f elementor-section-boxed elementor-section-height-default elementor-section-height-default\" data-id=\"3d9a66f\" data-element_type=\"section\">\n\t\t\t\t\t\t<div class=\"elementor-container elementor-column-gap-wider\">\n\t\t\t\t\t<div class=\"elementor-column elementor-col-100 elementor-top-column elementor-element elementor-element-8736f66\" data-id=\"8736f66\" data-element_type=\"column\">\n\t\t\t<div class=\"elementor-widget-wrap elementor-element-populated\">\n\t\t\t\t\t\t<div class=\"elementor-element elementor-element-c173f48 elementor-widget elementor-widget-text-editor\" data-id=\"c173f48\" data-element_type=\"widget\" data-widget_type=\"text-editor.default\">\n\t\t\t\t<div class=\"elementor-widget-container\">\n\t\t\t\t\t\t\t\t\t<p>Nel team confluisce Gruppo Fibranova, azienda che, da vera e propria \u201cpioniera\u201d, dal 2001 ha reintrodotto la coltura della canapa in Italia e ha posto le basi per la ricostruzione di un&#8217;intera filiera della canapa, dai produttori agricoli all&#8217;industria di trasformazione.<\/p><p>Nel 2007, Gruppo Fibranova incontra Claudio Losi, titolare della omonima Azienda Agricola e socio fondatore dell\u2019allora Consorzio Produttori Canapa di Modena. Via via si sono uniti altri tecnici e professionisti, il cui affiatamento, la condivisione di scoperte ed esperienze porta alla messa a punto di un processo innovativo a basso impatto ambientale capace di generare dalla canapa nuovi materiali naturali e rigenerabili. Da qui My.Fibers.<\/p>\t\t\t\t\t\t\t\t<\/div>\n\t\t\t\t<\/div>\n\t\t\t\t\t<\/div>\n\t\t<\/div>\n\t\t\t\t\t<\/div>\n\t\t<\/section>\n\t\t\t\t<\/div>\n\t\t","protected":false},"excerpt":{"rendered":"<p>innovation &#038; green technologies L&#8217;INNOVAZIONE NELL&#8217;ERA DEL DIGITALE E DEL SOSTENIBILE \u00e8 una Start Up che si occupa di ricerca e sviluppo di materiali innovativi, altamente performanti in termini di prestazioni fisico-meccaniche e, al contempo, completamente naturali e rigenerabili. \u00a0 https:\/\/www.myfibers.it\/ita\/wp-content\/uploads\/2020\/12\/MyFibers-Video-Pitch-720i.m4v La societ\u00e0 si affaccia sul mercato per soddisfare le esigenze pi\u00f9 urgenti del mondo&hellip;<\/p>\n","protected":false},"author":2,"featured_media":0,"parent":0,"menu_order":10,"comment_status":"closed","ping_status":"closed","template":"elementor_header_footer","meta":{"_monsterinsights_skip_tracking":false,"_monsterinsights_sitenote_active":false,"_monsterinsights_sitenote_note":"","_monsterinsights_sitenote_category":0,"footnotes":""},"class_list":["post-1671","page","type-page","status-publish","hentry"],"_links":{"self":[{"href":"https:\/\/www.myfibers.it\/ita\/wp-json\/wp\/v2\/pages\/1671","targetHints":{"allow":["GET"]}}],"collection":[{"href":"https:\/\/www.myfibers.it\/ita\/wp-json\/wp\/v2\/pages"}],"about":[{"href":"https:\/\/www.myfibers.it\/ita\/wp-json\/wp\/v2\/types\/page"}],"author":[{"embeddable":true,"href":"https:\/\/www.myfibers.it\/ita\/wp-json\/wp\/v2\/users\/2"}],"replies":[{"embeddable":true,"href":"https:\/\/www.myfibers.it\/ita\/wp-json\/wp\/v2\/comments?post=1671"}],"version-history":[{"count":136,"href":"https:\/\/www.myfibers.it\/ita\/wp-json\/wp\/v2\/pages\/1671\/revisions"}],"predecessor-version":[{"id":3463,"href":"https:\/\/www.myfibers.it\/ita\/wp-json\/wp\/v2\/pages\/1671\/revisions\/3463"}],"wp:attachment":[{"href":"https:\/\/www.myfibers.it\/ita\/wp-json\/wp\/v2\/media?parent=1671"}],"curies":[{"name":"wp","href":"https:\/\/api.w.org\/{rel}","templated":true}]}}